{"id":4839,"date":"2021-10-18T15:34:05","date_gmt":"2021-10-18T13:34:05","guid":{"rendered":"https:\/\/feuerwehr-markdorf.de\/feuerwehr\/?page_id=4839"},"modified":"2021-10-18T18:39:30","modified_gmt":"2021-10-18T16:39:30","slug":"historische-fahrzeuge-der-feuerwehr-markdorf","status":"publish","type":"page","link":"https:\/\/feuerwehr-markdorf.de\/feuerwehr\/historische-fahrzeuge-der-feuerwehr-markdorf\/","title":{"rendered":"TIPPS f\u00fcr deine Sicherheit"},"content":{"rendered":"\t\t<div data-elementor-type=\"wp-page\" data-elementor-id=\"4839\" class=\"elementor elementor-4839\">\n\t\t\t\t\t\t<section class=\"elementor-section elementor-top-section elementor-element elementor-element-9d65822 elementor-section-boxed elementor-section-height-default elementor-section-height-default\" data-id=\"9d65822\" data-element_type=\"section\">\n\t\t\t\t\t\t<div class=\"elementor-container elementor-column-gap-default\">\n\t\t\t\t\t<div class=\"elementor-column elementor-col-100 elementor-top-column elementor-element elementor-element-a842006\" data-id=\"a842006\" data-element_type=\"column\">\n\t\t\t<div class=\"elementor-widget-wrap\">\n\t\t\t\t\t\t\t<\/div>\n\t\t<\/div>\n\t\t\t\t\t<\/div>\n\t\t<\/section>\n\t\t\t\t<section class=\"elementor-section elementor-top-section elementor-element elementor-element-3636337 elementor-section-boxed elementor-section-height-default elementor-section-height-default\" data-id=\"3636337\" data-element_type=\"section\">\n\t\t\t\t\t\t<div class=\"elementor-container elementor-column-gap-default\">\n\t\t\t\t\t<div class=\"elementor-column elementor-col-100 elementor-top-column elementor-element elementor-element-1f52583\" data-id=\"1f52583\" data-element_type=\"column\">\n\t\t\t<div class=\"elementor-widget-wrap elementor-element-populated\">\n\t\t\t\t\t\t<div class=\"elementor-element elementor-element-41fa400 elementor-align-left elementor-widget elementor-widget-oew-advanced-heading\" data-id=\"41fa400\" data-element_type=\"widget\" data-widget_type=\"oew-advanced-heading.default\">\n\t\t\t\t<div class=\"elementor-widget-container\">\n\t\t\t\r\n\t\t<div class=\"oew-advanced-heading\">\r\n\r\n\t\t\t\t\t\t\t<h2  class=\"oew-main-heading\">\r\n\t\t\t\t\t<div>\r\n\t\t\t\t\t\tTIPPS f\u00fcr deine Sicherheit\r\n\t\t\t\t\t\t\t\t\t\t\t<\/div>\r\n\t\t\t\t<\/h2>\r\n\t\t\t\t\t\t\t<div class=\"oew-sub-heading\">\r\n\t\t\t\t\t<div>\r\n\t\t\t\t\t\t \r\n\t\t\t\t\t\t\t\t\t\t\t<\/div>\r\n\t\t\t\t<\/div>\r\n\t\t\t\r\n\t\t<\/div>\r\n\r\n\t\t\t<\/div>\n\t\t\t\t<\/div>\n\t\t\t\t<div class=\"elementor-element elementor-element-2e5ba68 elementor-widget elementor-widget-text-editor\" data-id=\"2e5ba68\" data-element_type=\"widget\" data-widget_type=\"text-editor.default\">\n\t\t\t\t<div class=\"elementor-widget-container\">\n\t\t\t\t\t\t\t<p class=\"MsoNormal\">Hier erh\u00e4ltst du f\u00fcr jede Situation die richtige Information.<\/p><p><b><span style=\"font-size: 18.0pt; line-height: 107%; color: #c00000;\">DU BIST BESTENS INFORMIERT<\/span><\/b><\/p><p class=\"MsoNormal\">Wie sch\u00fctzt du dich im Brandfall und wie kannst du in deinem t\u00e4glichen Handeln die Gefahren minimieren. Hier bekommst du wichtige Vorsichtsma\u00dfnahmen.<\/p><p class=\"MsoNormal\"><b><span style=\"font-size: 18.0pt; line-height: 107%;\">T<\/span>IPPS f\u00fcr verschiedene Notfallsituationen<\/b><\/p><p class=\"MsoNormal\">W\u00e4hle die <span style=\"font-size: 18.0pt; line-height: 107%; color: #c00000;\">112<\/span>\u00a0\u00a0\u00a0\u00a0\u00a0\u00a0\u00a0\u00a0\u00a0\u00a0\u00a0\u00a0\u00a0\u00a0\u00a0\u00a0\u00a0 NOTRUF absetzten \u00a0<\/p><p class=\"MsoNormal\" style=\"text-indent: 35.4pt;\"><b><span style=\"font-size: 18.0pt; line-height: 107%; color: #c00000;\">W<\/span><span style=\"color: #c00000;\">o<\/span><\/b> ist es passiert<\/p><p class=\"MsoNormal\" style=\"text-indent: 35.4pt;\"><b><span style=\"font-size: 18.0pt; line-height: 107%; color: #c00000;\">W<\/span><span style=\"color: #c00000;\">as<\/span><\/b> ist passiert<\/p><p class=\"MsoNormal\" style=\"text-indent: 35.4pt;\"><b><span style=\"font-size: 18.0pt; line-height: 107%; color: #c00000;\">W<\/span><span style=\"color: #c00000;\">er <\/span><\/b>meldet sich<\/p><p class=\"MsoNormal\">\u00a0\u00a0\u00a0\u00a0\u00a0\u00a0\u00a0\u00a0\u00a0\u00a0\u00a0 <b><span style=\"font-size: 18.0pt; line-height: 107%; color: #c00000;\">W<\/span><span style=\"color: #c00000;\">ie<\/span><\/b> viele Verletzte<\/p><p class=\"MsoNormal\">\u00a0\u00a0\u00a0\u00a0\u00a0\u00a0\u00a0\u00a0\u00a0\u00a0\u00a0 <b><span style=\"font-size: 18.0pt; line-height: 107%; color: #c00000;\">W<\/span><span style=\"color: #c00000;\">arten<\/span><\/b> auf R\u00fcckfragen \u00a0 NICHT AUFLEGEN<\/p><p class=\"MsoNormal\">Wenn ein Brand ausbricht oder ein Unfall passiert, ist schnelle HILFE notwendig.<\/p><p><span style=\"font-size: 11.0pt; line-height: 107%; font-family: 'Century Gothic',sans-serif; mso-fareast-font-family: Calibri; mso-fareast-theme-font: minor-latin; mso-bidi-font-family: 'Times New Roman'; mso-bidi-theme-font: minor-bidi; mso-ansi-language: DE; mso-fareast-language: EN-US; mso-bidi-language: AR-SA;\">Rufe die Feuerwehr und w\u00e4hle die <\/span><span style=\"font-size: 18.0pt; line-height: 107%; font-family: 'Century Gothic',sans-serif; mso-fareast-font-family: Calibri; mso-fareast-theme-font: minor-latin; mso-bidi-font-family: 'Times New Roman'; mso-bidi-theme-font: minor-bidi; color: #c00000; mso-ansi-language: DE; mso-fareast-language: EN-US; mso-bidi-language: AR-SA;\">112<\/span><\/p>\t\t\t\t\t\t<\/div>\n\t\t\t\t<\/div>\n\t\t\t\t\t<\/div>\n\t\t<\/div>\n\t\t\t\t\t<\/div>\n\t\t<\/section>\n\t\t\t\t<section class=\"elementor-section elementor-top-section elementor-element elementor-element-67e3d448 elementor-section-full_width elementor-section-content-middle elementor-section-height-default elementor-section-height-default\" data-id=\"67e3d448\" data-element_type=\"section\">\n\t\t\t\t\t\t<div class=\"elementor-container elementor-column-gap-no\">\n\t\t\t\t\t<div class=\"elementor-column elementor-col-100 elementor-top-column elementor-element elementor-element-12a7c1b0\" data-id=\"12a7c1b0\" data-element_type=\"column\">\n\t\t\t<div class=\"elementor-widget-wrap\">\n\t\t\t\t\t\t\t<\/div>\n\t\t<\/div>\n\t\t\t\t\t<\/div>\n\t\t<\/section>\n\t\t\t\t<section class=\"elementor-section elementor-top-section elementor-element elementor-element-683ffb45 elementor-section-full_width elementor-section-content-middle elementor-section-height-default elementor-section-height-default\" data-id=\"683ffb45\" data-element_type=\"section\">\n\t\t\t\t\t\t<div class=\"elementor-container elementor-column-gap-no\">\n\t\t\t\t\t<div class=\"elementor-column elementor-col-50 elementor-top-column elementor-element elementor-element-262b972d\" data-id=\"262b972d\" data-element_type=\"column\" data-settings=\"{&quot;background_background&quot;:&quot;classic&quot;}\">\n\t\t\t<div class=\"elementor-widget-wrap elementor-element-populated\">\n\t\t\t\t\t\t\t<\/div>\n\t\t<\/div>\n\t\t\t\t<div class=\"elementor-column elementor-col-50 elementor-top-column elementor-element elementor-element-1cedcb08\" data-id=\"1cedcb08\" data-element_type=\"column\" data-settings=\"{&quot;background_background&quot;:&quot;classic&quot;}\">\n\t\t\t<div class=\"elementor-widget-wrap elementor-element-populated\">\n\t\t\t\t\t\t<div class=\"elementor-element elementor-element-65b2958e elementor-widget elementor-widget-text-editor\" data-id=\"65b2958e\" data-element_type=\"widget\" data-widget_type=\"text-editor.default\">\n\t\t\t\t<div class=\"elementor-widget-container\">\n\t\t\t\t\t\t\t<p><strong><em>Gefahren beim Grillen <\/em><\/strong><\/p><ul><li>Achte beim Grillen auf einen sicheren Standplatz.<\/li><li>Halte Abstand von Geb\u00e4uden und brennbaren Bereichen.<\/li><li>Beachte, dass du nicht in geschlossenen R\u00e4umen grillst. Bitte nur im Freien grillen.<\/li><li>In der Natur bitte nur auf ausgewiesenen Fl\u00e4chen grillen. Respektiere Verbote in Waldbrand gef\u00e4hrdeten Gebieten. Beachte die aktuellen Hinweise!<\/li><li>Stelle zum Grillen immer L\u00f6schmittel bereit.<\/li><li>Verwende beim Grillen nur trockene Brennstoffe und niemals brennbare Fl\u00fcssigkeiten.<\/li><li>Beachte, dass offenes Feuer nicht unbeaufsichtigt ist.<\/li><li>Lasse den Grill nach der Verwendung gut abk\u00fchlen. Das Feuer eventuell noch abl\u00f6schen. Verwende hierf\u00fcr am besten einen Eimer Sand, da Wasser eventuell eine Verpuffung bewirkt.<\/li><li>Beachte, dass keine hei\u00dfe Asche in den M\u00fclleimer kommt.<\/li><\/ul><p>\u00a0<\/p>\t\t\t\t\t\t<\/div>\n\t\t\t\t<\/div>\n\t\t\t\t\t<\/div>\n\t\t<\/div>\n\t\t\t\t\t<\/div>\n\t\t<\/section>\n\t\t\t\t<\/div>\n\t\t","protected":false},"excerpt":{"rendered":"<p>TIPPS f\u00fcr deine Sicherheit Hier erh\u00e4ltst du f\u00fcr jede Situation die richtige Information. DU BIST BESTENS INFORMIERT Wie sch\u00fctzt du dich im Brandfall und wie kannst du in deinem t\u00e4glichen Handeln die Gefahren minimieren. Hier bekommst du wichtige Vorsichtsma\u00dfnahmen. TIPPS f\u00fcr verschiedene Notfallsituationen W\u00e4hle die 112\u00a0\u00a0\u00a0\u00a0\u00a0\u00a0\u00a0\u00a0\u00a0\u00a0\u00a0\u00a0\u00a0\u00a0\u00a0\u00a0\u00a0 NOTRUF absetzten \u00a0 Wo ist es passiert Was ist [&hellip;]<\/p>\n","protected":false},"author":2,"featured_media":0,"parent":0,"menu_order":0,"comment_status":"closed","ping_status":"closed","template":"","meta":{"advgb_blocks_editor_width":"","advgb_blocks_columns_visual_guide":"","ocean_post_layout":"","ocean_both_sidebars_style":"","ocean_both_sidebars_content_width":0,"ocean_both_sidebars_sidebars_width":0,"ocean_sidebar":"0","ocean_second_sidebar":"0","ocean_disable_margins":"enable","ocean_add_body_class":"","ocean_shortcode_before_top_bar":"","ocean_shortcode_after_top_bar":"","ocean_shortcode_before_header":"","ocean_shortcode_after_header":"","ocean_has_shortcode":"","ocean_shortcode_after_title":"","ocean_shortcode_before_footer_widgets":"","ocean_shortcode_after_footer_widgets":"","ocean_shortcode_before_footer_bottom":"","ocean_shortcode_after_footer_bottom":"","ocean_display_top_bar":"default","ocean_display_header":"default","ocean_header_style":"","ocean_center_header_left_menu":"0","ocean_custom_header_template":"0","ocean_custom_logo":0,"ocean_custom_retina_logo":0,"ocean_custom_logo_max_width":0,"ocean_custom_logo_tablet_max_width":0,"ocean_custom_logo_mobile_max_width":0,"ocean_custom_logo_max_height":0,"ocean_custom_logo_tablet_max_height":0,"ocean_custom_logo_mobile_max_height":0,"ocean_header_custom_menu":"0","ocean_menu_typo_font_family":"0","ocean_menu_typo_font_subset":"","ocean_menu_typo_font_size":0,"ocean_menu_typo_font_size_tablet":0,"ocean_menu_typo_font_size_mobile":0,"ocean_menu_typo_font_size_unit":"px","ocean_menu_typo_font_weight":"","ocean_menu_typo_font_weight_tablet":"","ocean_menu_typo_font_weight_mobile":"","ocean_menu_typo_transform":"","ocean_menu_typo_transform_tablet":"","ocean_menu_typo_transform_mobile":"","ocean_menu_typo_line_height":0,"ocean_menu_typo_line_height_tablet":0,"ocean_menu_typo_line_height_mobile":0,"ocean_menu_typo_line_height_unit":"","ocean_menu_typo_spacing":0,"ocean_menu_typo_spacing_tablet":0,"ocean_menu_typo_spacing_mobile":0,"ocean_menu_typo_spacing_unit":"","ocean_menu_link_color":"","ocean_menu_link_color_hover":"","ocean_menu_link_color_active":"","ocean_menu_link_background":"","ocean_menu_link_hover_background":"","ocean_menu_link_active_background":"","ocean_menu_social_links_bg":"","ocean_menu_social_hover_links_bg":"","ocean_menu_social_links_color":"","ocean_menu_social_hover_links_color":"","ocean_disable_title":"default","ocean_disable_heading":"default","ocean_post_title":"","ocean_post_subheading":"","ocean_post_title_style":"","ocean_post_title_background_color":"","ocean_post_title_background":0,"ocean_post_title_bg_image_position":"","ocean_post_title_bg_image_attachment":"","ocean_post_title_bg_image_repeat":"","ocean_post_title_bg_image_size":"","ocean_post_title_height":0,"ocean_post_title_bg_overlay":0.5,"ocean_post_title_bg_overlay_color":"","ocean_disable_breadcrumbs":"default","ocean_breadcrumbs_color":"","ocean_breadcrumbs_separator_color":"","ocean_breadcrumbs_links_color":"","ocean_breadcrumbs_links_hover_color":"","ocean_display_footer_widgets":"default","ocean_display_footer_bottom":"default","ocean_custom_footer_template":"0","footnotes":""},"categories":[19],"tags":[],"class_list":["post-4839","page","type-page","status-publish","hentry","category-fahrzeuge","entry"],"yoast_head":"<!-- This site is optimized with the Yoast SEO plugin v22.8 - https:\/\/yoast.com\/wordpress\/plugins\/seo\/ -->\n<title>TIPPS f\u00fcr deine Sicherheit - Freiwillige Feuerwehr Markdorf<\/title>\n<meta name=\"description\" content=\"TIPPS f\u00fcr deine Sicherheit Hier erh\u00e4ltst du f\u00fcr jede Situation die richtige Information.DU BIST BESTENS INFORMIERTWie sch\u00fctzt du dich im Brandfall und wie\" \/>\n<meta name=\"robots\" content=\"index, follow, max-snippet:-1, max-image-preview:large, max-video-preview:-1\" \/>\n<link rel=\"canonical\" href=\"https:\/\/feuerwehr-markdorf.de\/feuerwehr\/historische-fahrzeuge-der-feuerwehr-markdorf\/\" \/>\n<meta property=\"og:locale\" content=\"de_DE\" \/>\n<meta property=\"og:type\" content=\"article\" \/>\n<meta property=\"og:title\" content=\"TIPPS f\u00fcr deine Sicherheit - Freiwillige Feuerwehr Markdorf\" \/>\n<meta property=\"og:description\" content=\"TIPPS f\u00fcr deine Sicherheit Hier erh\u00e4ltst du f\u00fcr jede Situation die richtige Information.DU BIST BESTENS INFORMIERTWie sch\u00fctzt du dich im Brandfall und wie\" \/>\n<meta property=\"og:url\" content=\"https:\/\/feuerwehr-markdorf.de\/feuerwehr\/historische-fahrzeuge-der-feuerwehr-markdorf\/\" \/>\n<meta property=\"og:site_name\" content=\"Freiwillige Feuerwehr Markdorf\" \/>\n<meta property=\"article:publisher\" content=\"https:\/\/www.facebook.com\/feuerwehrmarkdorf\/\" \/>\n<meta property=\"article:modified_time\" content=\"2021-10-18T16:39:30+00:00\" \/>\n<meta property=\"og:image\" content=\"https:\/\/feuerwehr-markdorf.de\/feuerwehr\/wp-content\/uploads\/sites\/2\/2019\/11\/03_Logo_1.jpg\" \/>\n\t<meta property=\"og:image:width\" content=\"1988\" \/>\n\t<meta property=\"og:image:height\" content=\"1275\" \/>\n\t<meta property=\"og:image:type\" content=\"image\/jpeg\" \/>\n<meta name=\"twitter:card\" content=\"summary_large_image\" \/>\n<meta name=\"twitter:label1\" content=\"Gesch\u00e4tzte Lesezeit\" \/>\n\t<meta name=\"twitter:data1\" content=\"1\u00a0Minute\" \/>\n<script type=\"application\/ld+json\" class=\"yoast-schema-graph\">{\"@context\":\"https:\/\/schema.org\",\"@graph\":[{\"@type\":\"WebPage\",\"@id\":\"https:\/\/feuerwehr-markdorf.de\/feuerwehr\/historische-fahrzeuge-der-feuerwehr-markdorf\/\",\"url\":\"https:\/\/feuerwehr-markdorf.de\/feuerwehr\/historische-fahrzeuge-der-feuerwehr-markdorf\/\",\"name\":\"TIPPS f\u00fcr deine Sicherheit - Freiwillige Feuerwehr Markdorf\",\"isPartOf\":{\"@id\":\"https:\/\/feuerwehr-markdorf.de\/feuerwehr\/#website\"},\"datePublished\":\"2021-10-18T13:34:05+00:00\",\"dateModified\":\"2021-10-18T16:39:30+00:00\",\"description\":\"TIPPS f\u00fcr deine Sicherheit Hier erh\u00e4ltst du f\u00fcr jede Situation die richtige Information.DU BIST BESTENS INFORMIERTWie sch\u00fctzt du dich im Brandfall und wie\",\"breadcrumb\":{\"@id\":\"https:\/\/feuerwehr-markdorf.de\/feuerwehr\/historische-fahrzeuge-der-feuerwehr-markdorf\/#breadcrumb\"},\"inLanguage\":\"de\",\"potentialAction\":[{\"@type\":\"ReadAction\",\"target\":[\"https:\/\/feuerwehr-markdorf.de\/feuerwehr\/historische-fahrzeuge-der-feuerwehr-markdorf\/\"]}]},{\"@type\":\"BreadcrumbList\",\"@id\":\"https:\/\/feuerwehr-markdorf.de\/feuerwehr\/historische-fahrzeuge-der-feuerwehr-markdorf\/#breadcrumb\",\"itemListElement\":[{\"@type\":\"ListItem\",\"position\":1,\"name\":\"Startseite\",\"item\":\"https:\/\/feuerwehr-markdorf.de\/feuerwehr\/\"},{\"@type\":\"ListItem\",\"position\":2,\"name\":\"TIPPS f\u00fcr deine Sicherheit\"}]},{\"@type\":\"WebSite\",\"@id\":\"https:\/\/feuerwehr-markdorf.de\/feuerwehr\/#website\",\"url\":\"https:\/\/feuerwehr-markdorf.de\/feuerwehr\/\",\"name\":\"Freiwillige Feuerwehr Markdorf\",\"description\":\"\",\"publisher\":{\"@id\":\"https:\/\/feuerwehr-markdorf.de\/feuerwehr\/#organization\"},\"potentialAction\":[{\"@type\":\"SearchAction\",\"target\":{\"@type\":\"EntryPoint\",\"urlTemplate\":\"https:\/\/feuerwehr-markdorf.de\/feuerwehr\/?s={search_term_string}\"},\"query-input\":\"required name=search_term_string\"}],\"inLanguage\":\"de\"},{\"@type\":\"Organization\",\"@id\":\"https:\/\/feuerwehr-markdorf.de\/feuerwehr\/#organization\",\"name\":\"Freiwillige Feuerwehr Markdorf\",\"url\":\"https:\/\/feuerwehr-markdorf.de\/feuerwehr\/\",\"logo\":{\"@type\":\"ImageObject\",\"inLanguage\":\"de\",\"@id\":\"https:\/\/feuerwehr-markdorf.de\/feuerwehr\/#\/schema\/logo\/image\/\",\"url\":\"https:\/\/feuerwehr-markdorf.de\/feuerwehr\/wp-content\/uploads\/sites\/2\/2020\/01\/FFM-red-ohne-Abteilung_klein.png\",\"contentUrl\":\"https:\/\/feuerwehr-markdorf.de\/feuerwehr\/wp-content\/uploads\/sites\/2\/2020\/01\/FFM-red-ohne-Abteilung_klein.png\",\"width\":397,\"height\":170,\"caption\":\"Freiwillige Feuerwehr Markdorf\"},\"image\":{\"@id\":\"https:\/\/feuerwehr-markdorf.de\/feuerwehr\/#\/schema\/logo\/image\/\"},\"sameAs\":[\"https:\/\/www.facebook.com\/feuerwehrmarkdorf\/\"]}]}<\/script>\n<!-- \/ Yoast SEO plugin. -->","yoast_head_json":{"title":"TIPPS f\u00fcr deine Sicherheit - Freiwillige Feuerwehr Markdorf","description":"TIPPS f\u00fcr deine Sicherheit Hier erh\u00e4ltst du f\u00fcr jede Situation die richtige Information.DU BIST BESTENS INFORMIERTWie sch\u00fctzt du dich im Brandfall und wie","robots":{"index":"index","follow":"follow","max-snippet":"max-snippet:-1","max-image-preview":"max-image-preview:large","max-video-preview":"max-video-preview:-1"},"canonical":"https:\/\/feuerwehr-markdorf.de\/feuerwehr\/historische-fahrzeuge-der-feuerwehr-markdorf\/","og_locale":"de_DE","og_type":"article","og_title":"TIPPS f\u00fcr deine Sicherheit - Freiwillige Feuerwehr Markdorf","og_description":"TIPPS f\u00fcr deine Sicherheit Hier erh\u00e4ltst du f\u00fcr jede Situation die richtige Information.DU BIST BESTENS INFORMIERTWie sch\u00fctzt du dich im Brandfall und wie","og_url":"https:\/\/feuerwehr-markdorf.de\/feuerwehr\/historische-fahrzeuge-der-feuerwehr-markdorf\/","og_site_name":"Freiwillige Feuerwehr Markdorf","article_publisher":"https:\/\/www.facebook.com\/feuerwehrmarkdorf\/","article_modified_time":"2021-10-18T16:39:30+00:00","og_image":[{"width":1988,"height":1275,"url":"https:\/\/feuerwehr-markdorf.de\/feuerwehr\/wp-content\/uploads\/sites\/2\/2019\/11\/03_Logo_1.jpg","type":"image\/jpeg"}],"twitter_card":"summary_large_image","twitter_misc":{"Gesch\u00e4tzte Lesezeit":"1\u00a0Minute"},"schema":{"@context":"https:\/\/schema.org","@graph":[{"@type":"WebPage","@id":"https:\/\/feuerwehr-markdorf.de\/feuerwehr\/historische-fahrzeuge-der-feuerwehr-markdorf\/","url":"https:\/\/feuerwehr-markdorf.de\/feuerwehr\/historische-fahrzeuge-der-feuerwehr-markdorf\/","name":"TIPPS f\u00fcr deine Sicherheit - Freiwillige Feuerwehr Markdorf","isPartOf":{"@id":"https:\/\/feuerwehr-markdorf.de\/feuerwehr\/#website"},"datePublished":"2021-10-18T13:34:05+00:00","dateModified":"2021-10-18T16:39:30+00:00","description":"TIPPS f\u00fcr deine Sicherheit Hier erh\u00e4ltst du f\u00fcr jede Situation die richtige Information.DU BIST BESTENS INFORMIERTWie sch\u00fctzt du dich im Brandfall und wie","breadcrumb":{"@id":"https:\/\/feuerwehr-markdorf.de\/feuerwehr\/historische-fahrzeuge-der-feuerwehr-markdorf\/#breadcrumb"},"inLanguage":"de","potentialAction":[{"@type":"ReadAction","target":["https:\/\/feuerwehr-markdorf.de\/feuerwehr\/historische-fahrzeuge-der-feuerwehr-markdorf\/"]}]},{"@type":"BreadcrumbList","@id":"https:\/\/feuerwehr-markdorf.de\/feuerwehr\/historische-fahrzeuge-der-feuerwehr-markdorf\/#breadcrumb","itemListElement":[{"@type":"ListItem","position":1,"name":"Startseite","item":"https:\/\/feuerwehr-markdorf.de\/feuerwehr\/"},{"@type":"ListItem","position":2,"name":"TIPPS f\u00fcr deine Sicherheit"}]},{"@type":"WebSite","@id":"https:\/\/feuerwehr-markdorf.de\/feuerwehr\/#website","url":"https:\/\/feuerwehr-markdorf.de\/feuerwehr\/","name":"Freiwillige Feuerwehr Markdorf","description":"","publisher":{"@id":"https:\/\/feuerwehr-markdorf.de\/feuerwehr\/#organization"},"potentialAction":[{"@type":"SearchAction","target":{"@type":"EntryPoint","urlTemplate":"https:\/\/feuerwehr-markdorf.de\/feuerwehr\/?s={search_term_string}"},"query-input":"required name=search_term_string"}],"inLanguage":"de"},{"@type":"Organization","@id":"https:\/\/feuerwehr-markdorf.de\/feuerwehr\/#organization","name":"Freiwillige Feuerwehr Markdorf","url":"https:\/\/feuerwehr-markdorf.de\/feuerwehr\/","logo":{"@type":"ImageObject","inLanguage":"de","@id":"https:\/\/feuerwehr-markdorf.de\/feuerwehr\/#\/schema\/logo\/image\/","url":"https:\/\/feuerwehr-markdorf.de\/feuerwehr\/wp-content\/uploads\/sites\/2\/2020\/01\/FFM-red-ohne-Abteilung_klein.png","contentUrl":"https:\/\/feuerwehr-markdorf.de\/feuerwehr\/wp-content\/uploads\/sites\/2\/2020\/01\/FFM-red-ohne-Abteilung_klein.png","width":397,"height":170,"caption":"Freiwillige Feuerwehr Markdorf"},"image":{"@id":"https:\/\/feuerwehr-markdorf.de\/feuerwehr\/#\/schema\/logo\/image\/"},"sameAs":["https:\/\/www.facebook.com\/feuerwehrmarkdorf\/"]}]}},"coauthors":[],"author_meta":{"author_link":"https:\/\/feuerwehr-markdorf.de\/feuerwehr\/author\/nsander\/","display_name":"nsander"},"relative_dates":{"created":"Posted 5\u00a0Jahren ago","modified":"Updated 5\u00a0Jahren ago"},"absolute_dates":{"created":"Posted on 18. Oktober 2021","modified":"Updated on 18. Oktober 2021"},"absolute_dates_time":{"created":"Posted on 18. Oktober 2021 15:34","modified":"Updated on 18. Oktober 2021 18:39"},"featured_img_caption":"","featured_img":false,"series_order":"","_links":{"self":[{"href":"https:\/\/feuerwehr-markdorf.de\/feuerwehr\/wp-json\/wp\/v2\/pages\/4839","targetHints":{"allow":["GET"]}}],"collection":[{"href":"https:\/\/feuerwehr-markdorf.de\/feuerwehr\/wp-json\/wp\/v2\/pages"}],"about":[{"href":"https:\/\/feuerwehr-markdorf.de\/feuerwehr\/wp-json\/wp\/v2\/types\/page"}],"author":[{"embeddable":true,"href":"https:\/\/feuerwehr-markdorf.de\/feuerwehr\/wp-json\/wp\/v2\/users\/2"}],"replies":[{"embeddable":true,"href":"https:\/\/feuerwehr-markdorf.de\/feuerwehr\/wp-json\/wp\/v2\/comments?post=4839"}],"version-history":[{"count":10,"href":"https:\/\/feuerwehr-markdorf.de\/feuerwehr\/wp-json\/wp\/v2\/pages\/4839\/revisions"}],"predecessor-version":[{"id":4883,"href":"https:\/\/feuerwehr-markdorf.de\/feuerwehr\/wp-json\/wp\/v2\/pages\/4839\/revisions\/4883"}],"wp:attachment":[{"href":"https:\/\/feuerwehr-markdorf.de\/feuerwehr\/wp-json\/wp\/v2\/media?parent=4839"}],"wp:term":[{"taxonomy":"category","embeddable":true,"href":"https:\/\/feuerwehr-markdorf.de\/feuerwehr\/wp-json\/wp\/v2\/categories?post=4839"},{"taxonomy":"post_tag","embeddable":true,"href":"https:\/\/feuerwehr-markdorf.de\/feuerwehr\/wp-json\/wp\/v2\/tags?post=4839"}],"curies":[{"name":"wp","href":"https:\/\/api.w.org\/{rel}","templated":true}]}}