{"id":1886,"date":"2019-12-10T21:13:41","date_gmt":"2019-12-10T20:13:41","guid":{"rendered":"https:\/\/feuerwehr-markdorf.de\/feuerwehr\/?page_id=1886"},"modified":"2020-01-18T19:10:03","modified_gmt":"2020-01-18T18:10:03","slug":"datenschutzerklaerung","status":"publish","type":"page","link":"https:\/\/feuerwehr-markdorf.de\/feuerwehr\/datenschutzerklaerung\/","title":{"rendered":"Datenschutzerkl\u00e4rung"},"content":{"rendered":"\t\t<div data-elementor-type=\"wp-page\" data-elementor-id=\"1886\" class=\"elementor elementor-1886\">\n\t\t\t\t\t\t<section class=\"elementor-section elementor-top-section elementor-element elementor-element-a74d8f4 elementor-section-boxed elementor-section-height-default elementor-section-height-default\" data-id=\"a74d8f4\" data-element_type=\"section\">\n\t\t\t\t\t\t<div class=\"elementor-container elementor-column-gap-default\">\n\t\t\t\t\t<div class=\"elementor-column elementor-col-100 elementor-top-column elementor-element elementor-element-552119d\" data-id=\"552119d\" data-element_type=\"column\">\n\t\t\t<div class=\"elementor-widget-wrap elementor-element-populated\">\n\t\t\t\t\t\t<div class=\"elementor-element elementor-element-564c27c elementor-align-left elementor-widget elementor-widget-oew-advanced-heading\" data-id=\"564c27c\" data-element_type=\"widget\" data-widget_type=\"oew-advanced-heading.default\">\n\t\t\t\t<div class=\"elementor-widget-container\">\n\t\t\t\r\n\t\t<div class=\"oew-advanced-heading\">\r\n\r\n\t\t\t\t\t\t\t<h2  class=\"oew-main-heading\">\r\n\t\t\t\t\t<div>\r\n\t\t\t\t\t\tDatenschutzerkl\u00e4rung\r\n\t\t\t\t\t\t\t\t\t\t\t<\/div>\r\n\t\t\t\t<\/h2>\r\n\t\t\t\r\n\t\t<\/div>\r\n\r\n\t\t\t<\/div>\n\t\t\t\t<\/div>\n\t\t\t\t\t<\/div>\n\t\t<\/div>\n\t\t\t\t\t<\/div>\n\t\t<\/section>\n\t\t\t\t<section class=\"elementor-section elementor-top-section elementor-element elementor-element-6ea8ca6 elementor-section-boxed elementor-section-height-default elementor-section-height-default\" data-id=\"6ea8ca6\" data-element_type=\"section\">\n\t\t\t\t\t\t<div class=\"elementor-container elementor-column-gap-default\">\n\t\t\t\t\t<div class=\"elementor-column elementor-col-100 elementor-top-column elementor-element elementor-element-bc86986\" data-id=\"bc86986\" data-element_type=\"column\">\n\t\t\t<div class=\"elementor-widget-wrap elementor-element-populated\">\n\t\t\t\t\t\t<div class=\"elementor-element elementor-element-9ddbc04 elementor-widget elementor-widget-text-editor\" data-id=\"9ddbc04\" data-element_type=\"widget\" data-widget_type=\"text-editor.default\">\n\t\t\t\t<div class=\"elementor-widget-container\">\n\t\t\t\t\t\t\t<h1>\u00a0<\/h1><p>Wir, die Stadt Markdorf, Rathausplatz 1, 88677 Markdorf, nehmen den Schutz Ihrer pers\u00f6nlichen Daten sehr ernst und halten uns streng an alle geltenden Gesetze und Vorschriften zum Datenschutz, insbesondere an die Datenschutzgrundverordnung, (DSGVO), das Bundesdatenschutzgesetz (BDSG) und das Telemediengesetz (TMG). Die folgenden Erl\u00e4uterungen geben Ihnen einen \u00dcberblick dar\u00fcber, wie wir diesen Schutz sicherstellen und welche Daten wir zu welchem Zweck verarbeiten.<\/p><h2>Nutzungsdaten<\/h2><p>Bei jedem Zugriff auf unsere Webseite und bei jedem Abruf einer Datei, werden automatisch \u00fcber diesen Vorgang allgemeine Daten in einer Protokolldatei gespeichert. Die Speicherung dient ausschlie\u00dflich systembezogenen und statistischen Zwecken (auf Grundlage von Art. 6 Abs. 1 Buchst. b) DSGVO), sowie in Ausnahmef\u00e4llen zur Anzeige von Straftaten (auf Grundlage von Art. 6 Abs. 1 Buchst. e) DSGVO). \u00a0Eine Weitergabe der Daten an Dritte oder eine sonstige Auswertung findet nicht statt, es sei denn, es besteht eine gesetzliche Verpflichtung dazu (Art. 6 Abs. 1 Buchst. e) DSGVO).\u00a0Im Einzelnen wird \u00fcber jeden Abruf folgender Datensatz gespeichert:<\/p><div><ul><li>Name der abgerufenen Datei<\/li><li>Datum und Uhrzeit des Abrufes<\/li><li>\u00fcbertragene Datenmenge<\/li><li>Meldung, ob der Abruf erfolgreich war<\/li><li>Beschreibung des Typs des verwendeten Webbrowsers<\/li><li>verwendetes Betriebssystem<\/li><li>die zuvor besuchte Seite<\/li><li>Provider<\/li><li>IP-Adresse des Nutzers (anonymisiert)<\/li><\/ul><\/div><h2>Personenbezogene Daten<\/h2><p>Personenbezogene Daten werden von uns nur dann verarbeitet, wenn uns dies gesetzlich gestattet ist, oder Sie uns Ihre Einwilligung erteilt haben.\u00a0Im Einzelnen:\u00a0<\/p><p><strong>Kontakt<\/strong><br \/>Wenn Sie mit uns in Kontakt treten, speichern wir Ihre Daten auf Grundlage von Art. 6 Abs. 1 Buchst. b) DSGVO zum Zwecke der Bearbeitung Ihrer Anfrage, sowie f\u00fcr den Fall, dass eine weitere Korrespondenz stattfinden sollte.<\/p><h2>Cookies<\/h2><p>Wir setzen in einigen Bereichen unserer Webseite sogenannte Cookies ein. Durch solche Dateielemente kann Ihr Computer als technische Einheit w\u00e4hrend Ihres Besuchs auf dieser Webseite identifiziert werden, um Ihnen die Verwendung unseres Angebotes \u2013 auch bei Wiederholungsbesuchen \u2013 zu erleichtern. \u00a0Sie haben aber in der Regel die M\u00f6glichkeit, Ihren Internetbrowser so einzustellen, dass Sie \u00fcber das Auftreten von Cookies informiert werden, so dass Sie diese zulassen oder ausschlie\u00dfen, beziehungsweise bereits vorhandene Cookies l\u00f6schen k\u00f6nnen. \u00a0Bitte verwenden Sie die Hilfefunktion Ihres Internetbrowsers, um Informationen zu der \u00c4nderung dieser Einstellungen zu erlangen. Wir weisen darauf hin, dass einzelne Funktionen unserer Webseite m\u00f6glicherweise nicht funktionieren, wenn Sie die Verwendung von Cookies deaktiviert haben.\u00a0Cookies erlauben nicht, dass ein Server private Daten von Ihrem Computer oder die von einem anderen Server abgelegten Daten lesen kann. Sie richten auf Ihrem Rechner keinen Schaden an und enthalten keine Viren.\u00a0Wir st\u00fctzen den Einsatz von Cookies auf Art. 6 Abs. 1 Buchst. f) DSGVO: die Verarbeitung erfolgt zur Verbesserung der Funktionsweise unserer Webseite. Sie ist daher zur Wahrung unserer berechtigten Interessen erforderlich.<\/p><h2>Verwendung des Analyse-Tools &#8220;Matomo&#8221; (bisher als &#8220;Piwik&#8221; bekannt)<\/h2><p>Unsere Webseite benutzt Matomo (<a href=\"https:\/\/matomo.org\/\" rel=\"external noopener\">https:\/\/matomo.org\/<\/a>), eine Open-Source-Software zur Analyse der Besucherzugriffe auf die eigene Webseite. Matomo verwendet sogenannte Cookies, Textdateien, die auf Ihren Computern gespeichert werden und die eine Analyse der Benutzung der Webseite durch sie erm\u00f6glichen. Die durch den Cookie erzeugten Informationen \u00fcber die Benutzung dieser Webseite werden auf unseren Servern in Deutschland gespeichert und nicht an Dritte weitergegeben. Ihre IP-Adresse wird sofort nach der Verarbeitung und vor deren Speicherung anonymisiert.Sie k\u00f6nnen die Installation der Cookies durch eine entsprechende Einstellung Ihres Browsers verhindern; wir weisen Sie jedoch darauf hin, dass Sie in diesem Fall gegebenenfalls nicht alle Funktionen unserer Webseite vollumf\u00e4nglich werden nutzen k\u00f6nnen.\u00a0Sie k\u00f6nnen der Verwendung Ihrer Daten durch Matomo auch widersprechen, indem sie von der nachfolgenden dargestellten M\u00f6glichkeit Gebrauch machen:\u00a0Dabei wird auf Ihrem Browser ein Cookie gespeichert, der lediglich die Information enth\u00e4lt, dass \u00fcber Sie durch Matomo keinerlei Daten erhoben werden d\u00fcrfen. Zuvor bereits abgelegte Cookies werden dann gel\u00f6scht. Sollten Sie jedoch einmal s\u00e4mtliche Cookies in Ihrem Browser l\u00f6schen, m\u00fcssen Sie der Verwendung Ihrer Daten ggf. erneut widersprechen.\u00a0Sie k\u00f6nnen sich hier entscheiden, ob in Ihrem Browser ein eindeutiger Webanalyse-Cookie abgelegt werden darf, um uns die Erfassung und Analyse verschiedener statistischer Daten zu erm\u00f6glichen. Wenn Sie sich dagegen entscheiden m\u00f6chten, k\u00f6nnen Sie durch Klicken des folgenden Links den Matomo-Deaktivierungs-Cookie in Ihrem Browser ablegen.Zum Deaktivieren klicken Sie <a title=\"Deaktivierungslink\" href=\"https:\/\/www.kdrs.de\/pb\/site\/kdrs\/node\/3212\/Lde\/index.html\" target=\"_blank\" rel=\"external noopener\">hier<\/a>. Wir st\u00fctzen den Einsatz des vorgenannten Analyse-Tools auf Art. 6 Abs. 1 Buchst. f) DSGVO: die Verarbeitung erfolgt zur Analyse des Nutzungsverhaltens und ist daher zur Wahrung unserer berechtigten Interessen erforderlich.<\/p><h2>Verwendung von Google Webfonts und Google Maps<\/h2><p>Auf unserer Webseite werden externe Schriften, sog. Google Webfonts, verwendet. Zudem benutzen wir Google Maps, um f\u00fcr Sie den Anfahrtsweg zu unserem Unternehmen darzustellen und Ihnen die Planung der Anfahrt zu vereinfachen. \u00a0Auch hierbei greifen wir auf Dienste der Google Inc. 1600 Amphitheatre Parkway, Mountain View, CA 94043, USA zur\u00fcck. Dazu l\u00e4dt beim Aufrufen unserer Seite Ihr Browser die ben\u00f6tigten Informationen vom Google-Server in den USA in ihren Browsercache. Dies ist notwendig damit auch Ihr Browser eine optisch verbesserte Darstellung unserer Texte anzeigen kann, bzw. die Karte auf unserer Webseite dargestellt wird.\u00a0Hierdurch wird an den Google-Server \u00fcbermittelt, welche unserer Internetseiten Sie besucht haben. Auch wird Ihre IP-Adresse von Google gespeichert. \u00a0Weitergehende Informationen zu Google Webfonts finden sie unter <a title=\"https:\/\/developers.google.com\/fonts\/faq?hl=de-DE&amp;csw=1 \" href=\"https:\/\/developers.google.com\/fonts\/faq?hl=de-DE&amp;csw=1\" target=\"_blank\" rel=\"external noopener\">https:\/\/developers.google.com\/fonts\/faq?hl=de-DE&amp;csw=1 <\/a>Weitergehende Informationen zu Google Maps finden sie unter <a title=\"https:\/\/www.google.com\/intl\/de_de\/help\/terms_maps.html\" href=\"https:\/\/www.google.com\/intl\/de_de\/help\/terms_maps.html\" target=\"_blank\" rel=\"external noopener\">https:\/\/www.google.com\/intl\/de_de\/help\/terms_maps.html<\/a> \u00a0Allgemeine Informationen zum Thema Datenschutz bei Google finden sie unter <a title=\"www.google.com\/policies\/privacy\/\" href=\"http:\/\/www.google.com\/policies\/privacy\/\" target=\"_blank\" rel=\"external noopener\">www.google.com\/policies\/privacy\/<\/a><\/p><h2>Dauer der Speicherung<\/h2><p>Wir speichern Ihre Daten so lange, wie es f\u00fcr eine abschlie\u00dfende Bearbeitung Ihres Anliegens notwendig ist.<br \/>Die \u00fcber das Analyse-Tool &#8220;Matomo&#8221; erhobenen Statistikdaten werden bereits bei der Erhebung anonymisiert und die Ergebnisse l\u00e4ngstens 2 Jahre gespeichert.<br \/>Ausgenommen hiervon sind Daten, die f\u00fcr gesetzliche oder anderweitg vorgeschriebene Aufbewahrungspflichten bestehen; diese werden f\u00fcr die Dauer der jeweiligen Aufbewahrungspflicht gespeichert und im Anschluss routinem\u00e4\u00dfig gel\u00f6scht.<\/p><h2>Betroffenenrechte<\/h2><h3>Auskunftsrecht<\/h3><p>Sie haben das Recht,\u00a0 von uns eine Best\u00e4tigung\u00a0 dar\u00fcber zu verlangen, ob Sie betreffende personenbezogene Daten verarbeitet werden.<\/p><p>Senden Sie hierf\u00fcr bitte einfach eine E-Mail an info@rathaus-markdorf.de<\/p><h3>Berichtigung\/L\u00f6schung\/Einschr\u00e4nkung der Verarbeitung<\/h3><p>Des Weiteren haben Sie das Recht, von uns zu verlangen, dass<\/p><div><ul><li>Sie betreffende unrichtige personenbezogene Daten unverz\u00fcglich berichtigt werden (Recht auf Berichtigung)<\/li><li>Sie betreffende personenbezogene Daten unverz\u00fcglich gel\u00f6scht werden (Recht auf L\u00f6schung) und<\/li><li>die Verarbeitung eingeschr\u00e4nkt wird (Recht auf Einschr\u00e4nken der Verarbeitung).<br \/><strong>\u00a0<\/strong><\/li><\/ul><\/div><p>Senden Sie hierf\u00fcr bitte einfach eine E-Mail an info@rathaus-markdorf.de<\/p><h3>Recht auf Daten\u00fcbertragbarkeit<\/h3><p>Sie haben das Recht, Sie betreffende personenbezogene Daten, die Sie uns bereitgestellt haben, in einem strukturierten, g\u00e4ngigen und maschinenlesbaren Format zu erhalten und diese Daten einem anderen Verantwortlichen zu \u00fcbermitteln.\u00a0Senden Sie hierf\u00fcr bitte einfach eine E-Mail an info@rathaus-markdorf.de<\/p><h3>Widerrufsrecht<\/h3><p>Sie haben das Recht, Ihre Einwilligung jederzeit zu widerrufen. Durch den Widerruf der Einwilligung wird die Rechtm\u00e4\u00dfigkeit der aufgrund der Einwilligung bis zum Widerruf erfolgten Verarbeitung nicht ber\u00fchrt. \u00a0Senden Sie hierf\u00fcr bitte einfach eine E-Mail an info@rathaus-markdorf.de<\/p><h3>Widerspruchsrecht<\/h3><p>Ist die Verarbeitung Sie betreffender personenbezogener Daten f\u00fcr die Wahrnehmung einer Aufgabe, die im \u00f6ffentlichen Interesse liegt (Art. 6 Abs. 1 Buchst. e) DSGVO) oder zur Wahrung unserer berechtigten Interessen (Art. 6 Abs. 1 Buchst. f) DSGVO) erforderlich, steht Ihnen ein Widerspruchsrecht zu.\u00a0Senden Sie hierf\u00fcr bitte einfach eine E-Mail an info@rathaus-markdorf.de<\/p><h3>Beschwerderecht<\/h3><p>Sind Sie der Ansicht, dass die Verarbeitung der Sie betreffenden personenbezogenen Daten gegen die DSGVO verst\u00f6\u00dft, haben Sie unbeschadet anderweitiger Rechtsbehelfe das Recht auf Beschwerde bei einer Aufsichtsbeh\u00f6rde.<\/p><h2>Unser Datenschutzbeauftragter<\/h2><p>Unseren Datenschutzbeauftragten erreichen Sie unter datenschutzbeauftragter@rathaus-markdorf.de<\/p><h2>Sicherheit<\/h2><p>F\u00fcr die Sicherheit Ihrer Daten verwenden wir modernste Internettechnologien. W\u00e4hrend des Onlineanfrageprozesses sind Ihre Angaben mit einer SSL-Verschl\u00fcsselung gesichert. F\u00fcr eine sichere Speicherung Ihrer Daten werden unsere Systeme durch Firewalls gesch\u00fctzt, die unberechtigte Zugriffe von au\u00dfen verhindern.<\/p>\t\t\t\t\t\t<\/div>\n\t\t\t\t<\/div>\n\t\t\t\t\t<\/div>\n\t\t<\/div>\n\t\t\t\t\t<\/div>\n\t\t<\/section>\n\t\t\t\t<\/div>\n\t\t","protected":false},"excerpt":{"rendered":"<p>Datenschutzerkl\u00e4rung \u00a0 Wir, die Stadt Markdorf, Rathausplatz 1, 88677 Markdorf, nehmen den Schutz Ihrer pers\u00f6nlichen Daten sehr ernst und halten uns streng an alle geltenden Gesetze und Vorschriften zum Datenschutz, insbesondere an die Datenschutzgrundverordnung, (DSGVO), das Bundesdatenschutzgesetz (BDSG) und das Telemediengesetz (TMG). Die folgenden Erl\u00e4uterungen geben Ihnen einen \u00dcberblick dar\u00fcber, wie wir diesen Schutz sicherstellen [&hellip;]<\/p>\n","protected":false},"author":1,"featured_media":0,"parent":0,"menu_order":0,"comment_status":"closed","ping_status":"closed","template":"","meta":{"advgb_blocks_editor_width":"","advgb_blocks_columns_visual_guide":"","ocean_post_layout":"","ocean_both_sidebars_style":"","ocean_both_sidebars_content_width":0,"ocean_both_sidebars_sidebars_width":0,"ocean_sidebar":"0","ocean_second_sidebar":"0","ocean_disable_margins":"enable","ocean_add_body_class":"","ocean_shortcode_before_top_bar":"","ocean_shortcode_after_top_bar":"","ocean_shortcode_before_header":"","ocean_shortcode_after_header":"","ocean_has_shortcode":"","ocean_shortcode_after_title":"","ocean_shortcode_before_footer_widgets":"","ocean_shortcode_after_footer_widgets":"","ocean_shortcode_before_footer_bottom":"","ocean_shortcode_after_footer_bottom":"","ocean_display_top_bar":"default","ocean_display_header":"default","ocean_header_style":"","ocean_center_header_left_menu":"0","ocean_custom_header_template":"0","ocean_custom_logo":0,"ocean_custom_retina_logo":0,"ocean_custom_logo_max_width":0,"ocean_custom_logo_tablet_max_width":0,"ocean_custom_logo_mobile_max_width":0,"ocean_custom_logo_max_height":0,"ocean_custom_logo_tablet_max_height":0,"ocean_custom_logo_mobile_max_height":0,"ocean_header_custom_menu":"0","ocean_menu_typo_font_family":"0","ocean_menu_typo_font_subset":"","ocean_menu_typo_font_size":0,"ocean_menu_typo_font_size_tablet":0,"ocean_menu_typo_font_size_mobile":0,"ocean_menu_typo_font_size_unit":"px","ocean_menu_typo_font_weight":"","ocean_menu_typo_font_weight_tablet":"","ocean_menu_typo_font_weight_mobile":"","ocean_menu_typo_transform":"","ocean_menu_typo_transform_tablet":"","ocean_menu_typo_transform_mobile":"","ocean_menu_typo_line_height":0,"ocean_menu_typo_line_height_tablet":0,"ocean_menu_typo_line_height_mobile":0,"ocean_menu_typo_line_height_unit":"","ocean_menu_typo_spacing":0,"ocean_menu_typo_spacing_tablet":0,"ocean_menu_typo_spacing_mobile":0,"ocean_menu_typo_spacing_unit":"","ocean_menu_link_color":"","ocean_menu_link_color_hover":"","ocean_menu_link_color_active":"","ocean_menu_link_background":"","ocean_menu_link_hover_background":"","ocean_menu_link_active_background":"","ocean_menu_social_links_bg":"","ocean_menu_social_hover_links_bg":"","ocean_menu_social_links_color":"","ocean_menu_social_hover_links_color":"","ocean_disable_title":"default","ocean_disable_heading":"default","ocean_post_title":"","ocean_post_subheading":"","ocean_post_title_style":"","ocean_post_title_background_color":"","ocean_post_title_background":0,"ocean_post_title_bg_image_position":"","ocean_post_title_bg_image_attachment":"","ocean_post_title_bg_image_repeat":"","ocean_post_title_bg_image_size":"","ocean_post_title_height":0,"ocean_post_title_bg_overlay":0.5,"ocean_post_title_bg_overlay_color":"","ocean_disable_breadcrumbs":"default","ocean_breadcrumbs_color":"","ocean_breadcrumbs_separator_color":"","ocean_breadcrumbs_links_color":"","ocean_breadcrumbs_links_hover_color":"","ocean_display_footer_widgets":"default","ocean_display_footer_bottom":"default","ocean_custom_footer_template":"0","footnotes":""},"categories":[],"tags":[],"class_list":["post-1886","page","type-page","status-publish","hentry","entry"],"yoast_head":"<!-- This site is optimized with the Yoast SEO plugin v22.8 - https:\/\/yoast.com\/wordpress\/plugins\/seo\/ -->\n<title>Datenschutzerkl\u00e4rung - Freiwillige Feuerwehr Markdorf<\/title>\n<meta name=\"description\" content=\"Datenschutzerkl\u00e4rung \u00a0Wir, die Stadt Markdorf, Rathausplatz 1, 88677 Markdorf, nehmen den Schutz Ihrer pers\u00f6nlichen Daten sehr ernst und halten uns streng\" \/>\n<meta name=\"robots\" content=\"index, follow, max-snippet:-1, max-image-preview:large, max-video-preview:-1\" \/>\n<link rel=\"canonical\" href=\"https:\/\/feuerwehr-markdorf.de\/feuerwehr\/datenschutzerklaerung\/\" \/>\n<meta property=\"og:locale\" content=\"de_DE\" \/>\n<meta property=\"og:type\" content=\"article\" \/>\n<meta property=\"og:title\" content=\"Datenschutzerkl\u00e4rung - Freiwillige Feuerwehr Markdorf\" \/>\n<meta property=\"og:description\" content=\"Datenschutzerkl\u00e4rung \u00a0Wir, die Stadt Markdorf, Rathausplatz 1, 88677 Markdorf, nehmen den Schutz Ihrer pers\u00f6nlichen Daten sehr ernst und halten uns streng\" \/>\n<meta property=\"og:url\" content=\"https:\/\/feuerwehr-markdorf.de\/feuerwehr\/datenschutzerklaerung\/\" \/>\n<meta property=\"og:site_name\" content=\"Freiwillige Feuerwehr Markdorf\" \/>\n<meta property=\"article:publisher\" content=\"https:\/\/www.facebook.com\/feuerwehrmarkdorf\/\" \/>\n<meta property=\"article:modified_time\" content=\"2020-01-18T18:10:03+00:00\" \/>\n<meta property=\"og:image\" content=\"https:\/\/feuerwehr-markdorf.de\/feuerwehr\/wp-content\/uploads\/sites\/2\/2019\/11\/03_Logo_1.jpg\" \/>\n\t<meta property=\"og:image:width\" content=\"1988\" \/>\n\t<meta property=\"og:image:height\" content=\"1275\" \/>\n\t<meta property=\"og:image:type\" content=\"image\/jpeg\" \/>\n<meta name=\"twitter:card\" content=\"summary_large_image\" \/>\n<meta name=\"twitter:label1\" content=\"Gesch\u00e4tzte Lesezeit\" \/>\n\t<meta name=\"twitter:data1\" content=\"6\u00a0Minuten\" \/>\n<script type=\"application\/ld+json\" class=\"yoast-schema-graph\">{\"@context\":\"https:\/\/schema.org\",\"@graph\":[{\"@type\":\"WebPage\",\"@id\":\"https:\/\/feuerwehr-markdorf.de\/feuerwehr\/datenschutzerklaerung\/\",\"url\":\"https:\/\/feuerwehr-markdorf.de\/feuerwehr\/datenschutzerklaerung\/\",\"name\":\"Datenschutzerkl\u00e4rung - Freiwillige Feuerwehr Markdorf\",\"isPartOf\":{\"@id\":\"https:\/\/feuerwehr-markdorf.de\/feuerwehr\/#website\"},\"datePublished\":\"2019-12-10T20:13:41+00:00\",\"dateModified\":\"2020-01-18T18:10:03+00:00\",\"description\":\"Datenschutzerkl\u00e4rung \u00a0Wir, die Stadt Markdorf, Rathausplatz 1, 88677 Markdorf, nehmen den Schutz Ihrer pers\u00f6nlichen Daten sehr ernst und halten uns streng\",\"breadcrumb\":{\"@id\":\"https:\/\/feuerwehr-markdorf.de\/feuerwehr\/datenschutzerklaerung\/#breadcrumb\"},\"inLanguage\":\"de\",\"potentialAction\":[{\"@type\":\"ReadAction\",\"target\":[\"https:\/\/feuerwehr-markdorf.de\/feuerwehr\/datenschutzerklaerung\/\"]}]},{\"@type\":\"BreadcrumbList\",\"@id\":\"https:\/\/feuerwehr-markdorf.de\/feuerwehr\/datenschutzerklaerung\/#breadcrumb\",\"itemListElement\":[{\"@type\":\"ListItem\",\"position\":1,\"name\":\"Startseite\",\"item\":\"https:\/\/feuerwehr-markdorf.de\/feuerwehr\/\"},{\"@type\":\"ListItem\",\"position\":2,\"name\":\"Datenschutzerkl\u00e4rung\"}]},{\"@type\":\"WebSite\",\"@id\":\"https:\/\/feuerwehr-markdorf.de\/feuerwehr\/#website\",\"url\":\"https:\/\/feuerwehr-markdorf.de\/feuerwehr\/\",\"name\":\"Freiwillige Feuerwehr Markdorf\",\"description\":\"\",\"publisher\":{\"@id\":\"https:\/\/feuerwehr-markdorf.de\/feuerwehr\/#organization\"},\"potentialAction\":[{\"@type\":\"SearchAction\",\"target\":{\"@type\":\"EntryPoint\",\"urlTemplate\":\"https:\/\/feuerwehr-markdorf.de\/feuerwehr\/?s={search_term_string}\"},\"query-input\":\"required name=search_term_string\"}],\"inLanguage\":\"de\"},{\"@type\":\"Organization\",\"@id\":\"https:\/\/feuerwehr-markdorf.de\/feuerwehr\/#organization\",\"name\":\"Freiwillige Feuerwehr Markdorf\",\"url\":\"https:\/\/feuerwehr-markdorf.de\/feuerwehr\/\",\"logo\":{\"@type\":\"ImageObject\",\"inLanguage\":\"de\",\"@id\":\"https:\/\/feuerwehr-markdorf.de\/feuerwehr\/#\/schema\/logo\/image\/\",\"url\":\"https:\/\/feuerwehr-markdorf.de\/feuerwehr\/wp-content\/uploads\/sites\/2\/2020\/01\/FFM-red-ohne-Abteilung_klein.png\",\"contentUrl\":\"https:\/\/feuerwehr-markdorf.de\/feuerwehr\/wp-content\/uploads\/sites\/2\/2020\/01\/FFM-red-ohne-Abteilung_klein.png\",\"width\":397,\"height\":170,\"caption\":\"Freiwillige Feuerwehr Markdorf\"},\"image\":{\"@id\":\"https:\/\/feuerwehr-markdorf.de\/feuerwehr\/#\/schema\/logo\/image\/\"},\"sameAs\":[\"https:\/\/www.facebook.com\/feuerwehrmarkdorf\/\"]}]}<\/script>\n<!-- \/ Yoast SEO plugin. -->","yoast_head_json":{"title":"Datenschutzerkl\u00e4rung - Freiwillige Feuerwehr Markdorf","description":"Datenschutzerkl\u00e4rung \u00a0Wir, die Stadt Markdorf, Rathausplatz 1, 88677 Markdorf, nehmen den Schutz Ihrer pers\u00f6nlichen Daten sehr ernst und halten uns streng","robots":{"index":"index","follow":"follow","max-snippet":"max-snippet:-1","max-image-preview":"max-image-preview:large","max-video-preview":"max-video-preview:-1"},"canonical":"https:\/\/feuerwehr-markdorf.de\/feuerwehr\/datenschutzerklaerung\/","og_locale":"de_DE","og_type":"article","og_title":"Datenschutzerkl\u00e4rung - Freiwillige Feuerwehr Markdorf","og_description":"Datenschutzerkl\u00e4rung \u00a0Wir, die Stadt Markdorf, Rathausplatz 1, 88677 Markdorf, nehmen den Schutz Ihrer pers\u00f6nlichen Daten sehr ernst und halten uns streng","og_url":"https:\/\/feuerwehr-markdorf.de\/feuerwehr\/datenschutzerklaerung\/","og_site_name":"Freiwillige Feuerwehr Markdorf","article_publisher":"https:\/\/www.facebook.com\/feuerwehrmarkdorf\/","article_modified_time":"2020-01-18T18:10:03+00:00","og_image":[{"width":1988,"height":1275,"url":"https:\/\/feuerwehr-markdorf.de\/feuerwehr\/wp-content\/uploads\/sites\/2\/2019\/11\/03_Logo_1.jpg","type":"image\/jpeg"}],"twitter_card":"summary_large_image","twitter_misc":{"Gesch\u00e4tzte Lesezeit":"6\u00a0Minuten"},"schema":{"@context":"https:\/\/schema.org","@graph":[{"@type":"WebPage","@id":"https:\/\/feuerwehr-markdorf.de\/feuerwehr\/datenschutzerklaerung\/","url":"https:\/\/feuerwehr-markdorf.de\/feuerwehr\/datenschutzerklaerung\/","name":"Datenschutzerkl\u00e4rung - Freiwillige Feuerwehr Markdorf","isPartOf":{"@id":"https:\/\/feuerwehr-markdorf.de\/feuerwehr\/#website"},"datePublished":"2019-12-10T20:13:41+00:00","dateModified":"2020-01-18T18:10:03+00:00","description":"Datenschutzerkl\u00e4rung \u00a0Wir, die Stadt Markdorf, Rathausplatz 1, 88677 Markdorf, nehmen den Schutz Ihrer pers\u00f6nlichen Daten sehr ernst und halten uns streng","breadcrumb":{"@id":"https:\/\/feuerwehr-markdorf.de\/feuerwehr\/datenschutzerklaerung\/#breadcrumb"},"inLanguage":"de","potentialAction":[{"@type":"ReadAction","target":["https:\/\/feuerwehr-markdorf.de\/feuerwehr\/datenschutzerklaerung\/"]}]},{"@type":"BreadcrumbList","@id":"https:\/\/feuerwehr-markdorf.de\/feuerwehr\/datenschutzerklaerung\/#breadcrumb","itemListElement":[{"@type":"ListItem","position":1,"name":"Startseite","item":"https:\/\/feuerwehr-markdorf.de\/feuerwehr\/"},{"@type":"ListItem","position":2,"name":"Datenschutzerkl\u00e4rung"}]},{"@type":"WebSite","@id":"https:\/\/feuerwehr-markdorf.de\/feuerwehr\/#website","url":"https:\/\/feuerwehr-markdorf.de\/feuerwehr\/","name":"Freiwillige Feuerwehr Markdorf","description":"","publisher":{"@id":"https:\/\/feuerwehr-markdorf.de\/feuerwehr\/#organization"},"potentialAction":[{"@type":"SearchAction","target":{"@type":"EntryPoint","urlTemplate":"https:\/\/feuerwehr-markdorf.de\/feuerwehr\/?s={search_term_string}"},"query-input":"required name=search_term_string"}],"inLanguage":"de"},{"@type":"Organization","@id":"https:\/\/feuerwehr-markdorf.de\/feuerwehr\/#organization","name":"Freiwillige Feuerwehr Markdorf","url":"https:\/\/feuerwehr-markdorf.de\/feuerwehr\/","logo":{"@type":"ImageObject","inLanguage":"de","@id":"https:\/\/feuerwehr-markdorf.de\/feuerwehr\/#\/schema\/logo\/image\/","url":"https:\/\/feuerwehr-markdorf.de\/feuerwehr\/wp-content\/uploads\/sites\/2\/2020\/01\/FFM-red-ohne-Abteilung_klein.png","contentUrl":"https:\/\/feuerwehr-markdorf.de\/feuerwehr\/wp-content\/uploads\/sites\/2\/2020\/01\/FFM-red-ohne-Abteilung_klein.png","width":397,"height":170,"caption":"Freiwillige Feuerwehr Markdorf"},"image":{"@id":"https:\/\/feuerwehr-markdorf.de\/feuerwehr\/#\/schema\/logo\/image\/"},"sameAs":["https:\/\/www.facebook.com\/feuerwehrmarkdorf\/"]}]}},"coauthors":[],"author_meta":{"author_link":"https:\/\/feuerwehr-markdorf.de\/feuerwehr\/author\/tobiby\/","display_name":"tobiby"},"relative_dates":{"created":"Posted 6\u00a0Jahren ago","modified":"Updated 6\u00a0Jahren ago"},"absolute_dates":{"created":"Posted on 10. Dezember 2019","modified":"Updated on 18. Januar 2020"},"absolute_dates_time":{"created":"Posted on 10. Dezember 2019 21:13","modified":"Updated on 18. Januar 2020 19:10"},"featured_img_caption":"","featured_img":false,"series_order":"","_links":{"self":[{"href":"https:\/\/feuerwehr-markdorf.de\/feuerwehr\/wp-json\/wp\/v2\/pages\/1886","targetHints":{"allow":["GET"]}}],"collection":[{"href":"https:\/\/feuerwehr-markdorf.de\/feuerwehr\/wp-json\/wp\/v2\/pages"}],"about":[{"href":"https:\/\/feuerwehr-markdorf.de\/feuerwehr\/wp-json\/wp\/v2\/types\/page"}],"author":[{"embeddable":true,"href":"https:\/\/feuerwehr-markdorf.de\/feuerwehr\/wp-json\/wp\/v2\/users\/1"}],"replies":[{"embeddable":true,"href":"https:\/\/feuerwehr-markdorf.de\/feuerwehr\/wp-json\/wp\/v2\/comments?post=1886"}],"version-history":[{"count":10,"href":"https:\/\/feuerwehr-markdorf.de\/feuerwehr\/wp-json\/wp\/v2\/pages\/1886\/revisions"}],"predecessor-version":[{"id":4736,"href":"https:\/\/feuerwehr-markdorf.de\/feuerwehr\/wp-json\/wp\/v2\/pages\/1886\/revisions\/4736"}],"wp:attachment":[{"href":"https:\/\/feuerwehr-markdorf.de\/feuerwehr\/wp-json\/wp\/v2\/media?parent=1886"}],"wp:term":[{"taxonomy":"category","embeddable":true,"href":"https:\/\/feuerwehr-markdorf.de\/feuerwehr\/wp-json\/wp\/v2\/categories?post=1886"},{"taxonomy":"post_tag","embeddable":true,"href":"https:\/\/feuerwehr-markdorf.de\/feuerwehr\/wp-json\/wp\/v2\/tags?post=1886"}],"curies":[{"name":"wp","href":"https:\/\/api.w.org\/{rel}","templated":true}]}}